{"id":594,"date":"2023-04-26T10:43:24","date_gmt":"2023-04-26T10:43:24","guid":{"rendered":"https:\/\/highscopeportugal.org\/missao\/"},"modified":"2023-06-23T16:32:23","modified_gmt":"2023-06-23T16:32:23","slug":"missao","status":"publish","type":"page","link":"https:\/\/highscopeportugal.org\/pt-pt\/missao\/","title":{"rendered":"MISS\u00c3O"},"content":{"rendered":"\t\t<div data-elementor-type=\"wp-page\" data-elementor-id=\"594\" class=\"elementor elementor-594 elementor-95\" data-elementor-post-type=\"page\">\n\t\t\t\t\t\t<section class=\"elementor-section elementor-top-section elementor-element elementor-element-d6218d0 elementor-section-full_width elementor-section-height-min-height elementor-section-items-stretch elementor-section-content-bottom elementor-section-height-default\" data-id=\"d6218d0\" data-element_type=\"section\" data-e-type=\"section\" data-settings=\"{&quot;background_background&quot;:&quot;classic&quot;}\">\n\t\t\t\t\t\t<div class=\"elementor-container elementor-column-gap-no\">\n\t\t\t\t\t<div class=\"elementor-column elementor-col-100 elementor-top-column elementor-element elementor-element-f1b1206\" data-id=\"f1b1206\" data-element_type=\"column\" data-e-type=\"column\" data-settings=\"{&quot;background_background&quot;:&quot;classic&quot;,&quot;background_motion_fx_motion_fx_scrolling&quot;:&quot;yes&quot;,&quot;background_motion_fx_translateY_effect&quot;:&quot;yes&quot;,&quot;background_motion_fx_translateY_direction&quot;:&quot;negative&quot;,&quot;background_motion_fx_translateY_speed&quot;:{&quot;unit&quot;:&quot;px&quot;,&quot;size&quot;:1.5,&quot;sizes&quot;:[]},&quot;background_motion_fx_translateY_affectedRange&quot;:{&quot;unit&quot;:&quot;%&quot;,&quot;size&quot;:&quot;&quot;,&quot;sizes&quot;:{&quot;start&quot;:0,&quot;end&quot;:100}},&quot;background_motion_fx_devices&quot;:[&quot;desktop&quot;,&quot;tablet&quot;,&quot;mobile&quot;]}\">\n\t\t\t<div class=\"elementor-widget-wrap elementor-element-populated\">\n\t\t\t\t\t<div class=\"elementor-background-overlay\"><\/div>\n\t\t\t\t\t\t<div class=\"elementor-element elementor-element-1babcd4 elementor-widget elementor-widget-heading\" data-id=\"1babcd4\" data-element_type=\"widget\" data-e-type=\"widget\" data-widget_type=\"heading.default\">\n\t\t\t\t<div class=\"elementor-widget-container\">\n\t\t\t\t\t<h1 class=\"elementor-heading-title elementor-size-default\">A nossa Miss\u00e3o<\/h1>\t\t\t\t<\/div>\n\t\t\t\t<\/div>\n\t\t\t\t\t<\/div>\n\t\t<\/div>\n\t\t\t\t\t<\/div>\n\t\t<\/section>\n\t\t\t\t<section class=\"elementor-section elementor-top-section elementor-element elementor-element-efe8655 elementor-section-content-middle elementor-section-boxed elementor-section-height-default elementor-section-height-default\" data-id=\"efe8655\" data-element_type=\"section\" data-e-type=\"section\" data-settings=\"{&quot;background_background&quot;:&quot;classic&quot;}\">\n\t\t\t\t\t\t<div class=\"elementor-container elementor-column-gap-no\">\n\t\t\t\t\t<div class=\"elementor-column elementor-col-50 elementor-top-column elementor-element elementor-element-2eef565\" data-id=\"2eef565\" data-element_type=\"column\" data-e-type=\"column\">\n\t\t\t<div class=\"elementor-widget-wrap elementor-element-populated\">\n\t\t\t\t\t\t<div class=\"elementor-element elementor-element-c7bdbe0 elementor-invisible elementor-widget elementor-widget-heading\" data-id=\"c7bdbe0\" data-element_type=\"widget\" data-e-type=\"widget\" data-settings=\"{&quot;_animation&quot;:&quot;fadeIn&quot;}\" data-widget_type=\"heading.default\">\n\t\t\t\t<div class=\"elementor-widget-container\">\n\t\t\t\t\t<h2 class=\"elementor-heading-title elementor-size-default\">Miss\u00e3o<\/h2>\t\t\t\t<\/div>\n\t\t\t\t<\/div>\n\t\t\t\t<div class=\"elementor-element elementor-element-39c19f0 elementor-widget elementor-widget-spacer\" data-id=\"39c19f0\" data-element_type=\"widget\" data-e-type=\"widget\" data-widget_type=\"spacer.default\">\n\t\t\t\t<div class=\"elementor-widget-container\">\n\t\t\t\t\t\t\t<div class=\"elementor-spacer\">\n\t\t\t<div class=\"elementor-spacer-inner\"><\/div>\n\t\t<\/div>\n\t\t\t\t\t\t<\/div>\n\t\t\t\t<\/div>\n\t\t\t\t<div class=\"elementor-element elementor-element-ed7a5ef elementor-invisible elementor-widget elementor-widget-text-editor\" data-id=\"ed7a5ef\" data-element_type=\"widget\" data-e-type=\"widget\" data-settings=\"{&quot;_animation&quot;:&quot;fadeIn&quot;,&quot;_animation_delay&quot;:300}\" data-widget_type=\"text-editor.default\">\n\t\t\t\t<div class=\"elementor-widget-container\">\n\t\t\t\t\t\t\t\t\t<p><strong>Trabalhamos para que mais crian\u00e7as, fam\u00edlias, t\u00e9cnicos de educa\u00e7\u00e3o e escolas tenham a possibilidade de beneficiar de um programa de enorme qualidade que potencia as capacidades de cada um.<\/strong><\/p>\n\t\t\t\t\t\t\t\t<\/div>\n\t\t\t\t<\/div>\n\t\t\t\t<div class=\"elementor-element elementor-element-273080b elementor-widget elementor-widget-spacer\" data-id=\"273080b\" data-element_type=\"widget\" data-e-type=\"widget\" data-widget_type=\"spacer.default\">\n\t\t\t\t<div class=\"elementor-widget-container\">\n\t\t\t\t\t\t\t<div class=\"elementor-spacer\">\n\t\t\t<div class=\"elementor-spacer-inner\"><\/div>\n\t\t<\/div>\n\t\t\t\t\t\t<\/div>\n\t\t\t\t<\/div>\n\t\t\t\t<div class=\"elementor-element elementor-element-2002f2e elementor-invisible elementor-widget elementor-widget-text-editor\" data-id=\"2002f2e\" data-element_type=\"widget\" data-e-type=\"widget\" data-settings=\"{&quot;_animation&quot;:&quot;fadeIn&quot;,&quot;_animation_delay&quot;:300}\" data-widget_type=\"text-editor.default\">\n\t\t\t\t<div class=\"elementor-widget-container\">\n\t\t\t\t\t\t\t\t\t<p>A Associa\u00e7\u00e3o HighScope Portugal, \u00e9 uma associa\u00e7\u00e3o sem fins lucrativos que trabalha para divulgar e apoiar a implementa\u00e7\u00e3o do Modelo HighScope em Portugal. <br \/>Trabalhamos para que mais crian\u00e7as, fam\u00edlias, t\u00e9cnicos de educa\u00e7\u00e3o e escolas tenham a possibilidade de beneficiar de um programa de enorme qualidade que potencia as capacidades de cada um. <\/p>\n<p>\u00c9 um modelo que acredita na crian\u00e7a, que se centra no que ela sabe e consegue, que reconhece cada passo, cada esfor\u00e7o, cada ganho!<\/p>\n<p>Cuidamos de cada uma das pessoas que servimos, sejam crian\u00e7as ou adultos. Temos como objetivo apoiar cada um no ponto em que est\u00e1 e acompanh\u00e1-lo numa caminhada fascinante de modo a alcan\u00e7ar o ponto onde quer chegar. <\/p>\n<p>O caminho que a crian\u00e7a faz \u00e9 t\u00e3o fascinante como o caminho de desenvolvimento pessoal e profissional do adulto neste processo HighScope.<\/p>\n\t\t\t\t\t\t\t\t<\/div>\n\t\t\t\t<\/div>\n\t\t\t\t\t<\/div>\n\t\t<\/div>\n\t\t\t\t<div class=\"elementor-column elementor-col-50 elementor-top-column elementor-element elementor-element-55dc677\" data-id=\"55dc677\" data-element_type=\"column\" data-e-type=\"column\">\n\t\t\t<div class=\"elementor-widget-wrap elementor-element-populated\">\n\t\t\t\t\t\t<div class=\"elementor-element elementor-element-1a2b5d8 elementor-widget elementor-widget-image\" data-id=\"1a2b5d8\" data-element_type=\"widget\" data-e-type=\"widget\" data-widget_type=\"image.default\">\n\t\t\t\t<div class=\"elementor-widget-container\">\n\t\t\t\t\t\t\t\t\t\t\t\t\t\t\t<img decoding=\"async\" src=\"https:\/\/highscopeportugal.org\/wp-content\/uploads\/elementor\/thumbs\/mission_page-q5n2qechr63ajwyafui1adnvikt0u6ig7az6xf5xkw.jpg\" title=\"\" alt=\"\" loading=\"lazy\" \/>\t\t\t\t\t\t\t\t\t\t\t\t\t\t\t<\/div>\n\t\t\t\t<\/div>\n\t\t\t\t\t<\/div>\n\t\t<\/div>\n\t\t\t\t\t<\/div>\n\t\t<\/section>\n\t\t\t\t<\/div>\n\t\t","protected":false},"excerpt":{"rendered":"<p>A nossa Miss\u00e3o Miss\u00e3o Trabalhamos para que mais crian\u00e7as, fam\u00edlias, t\u00e9cnicos de educa\u00e7\u00e3o e escolas tenham a possibilidade de beneficiar de um programa de enorme qualidade que potencia as capacidades de cada um. A Associa\u00e7\u00e3o HighScope Portugal, \u00e9 uma associa\u00e7\u00e3o sem fins lucrativos que trabalha para divulgar e apoiar a implementa\u00e7\u00e3o do Modelo HighScope em [&hellip;]<\/p>\n","protected":false},"author":1,"featured_media":0,"parent":0,"menu_order":0,"comment_status":"closed","ping_status":"closed","template":"","meta":{"footnotes":""},"class_list":["post-594","page","type-page","status-publish","hentry"],"yoast_head":"<!-- This site is optimized with the Yoast SEO plugin v27.5 - https:\/\/yoast.com\/product\/yoast-seo-wordpress\/ -->\n<title>MISS\u00c3O - HighScope Portugal<\/title>\n<meta name=\"robots\" content=\"index, follow, max-snippet:-1, max-image-preview:large, max-video-preview:-1\" \/>\n<link rel=\"canonical\" href=\"https:\/\/highscopeportugal.org\/pt-pt\/missao\/\" \/>\n<meta property=\"og:locale\" content=\"pt_PT\" \/>\n<meta property=\"og:type\" content=\"article\" \/>\n<meta property=\"og:title\" content=\"MISS\u00c3O - HighScope Portugal\" \/>\n<meta property=\"og:description\" content=\"A nossa Miss\u00e3o Miss\u00e3o Trabalhamos para que mais crian\u00e7as, fam\u00edlias, t\u00e9cnicos de educa\u00e7\u00e3o e escolas tenham a possibilidade de beneficiar de um programa de enorme qualidade que potencia as capacidades de cada um. A Associa\u00e7\u00e3o HighScope Portugal, \u00e9 uma associa\u00e7\u00e3o sem fins lucrativos que trabalha para divulgar e apoiar a implementa\u00e7\u00e3o do Modelo HighScope em [&hellip;]\" \/>\n<meta property=\"og:url\" content=\"https:\/\/highscopeportugal.org\/pt-pt\/missao\/\" \/>\n<meta property=\"og:site_name\" content=\"HighScope Portugal\" \/>\n<meta property=\"article:modified_time\" content=\"2023-06-23T16:32:23+00:00\" \/>\n<meta property=\"og:image\" content=\"https:\/\/highscopeportugal.org\/wp-content\/uploads\/elementor\/thumbs\/mission_page-q5n2qechr63ajwyafui1adnvikt0u6ig7az6xf5xkw.jpg\" \/>\n<meta name=\"twitter:card\" content=\"summary_large_image\" \/>\n<meta name=\"twitter:label1\" content=\"Tempo estimado de leitura\" \/>\n\t<meta name=\"twitter:data1\" content=\"1 minuto\" \/>\n<script type=\"application\/ld+json\" class=\"yoast-schema-graph\">{\"@context\":\"https:\\\/\\\/schema.org\",\"@graph\":[{\"@type\":\"WebPage\",\"@id\":\"https:\\\/\\\/highscopeportugal.org\\\/pt-pt\\\/missao\\\/\",\"url\":\"https:\\\/\\\/highscopeportugal.org\\\/pt-pt\\\/missao\\\/\",\"name\":\"MISS\u00c3O - HighScope Portugal\",\"isPartOf\":{\"@id\":\"https:\\\/\\\/highscopeportugal.org\\\/pt-pt\\\/#website\"},\"primaryImageOfPage\":{\"@id\":\"https:\\\/\\\/highscopeportugal.org\\\/pt-pt\\\/missao\\\/#primaryimage\"},\"image\":{\"@id\":\"https:\\\/\\\/highscopeportugal.org\\\/pt-pt\\\/missao\\\/#primaryimage\"},\"thumbnailUrl\":\"https:\\\/\\\/highscopeportugal.org\\\/wp-content\\\/uploads\\\/elementor\\\/thumbs\\\/mission_page-q5n2qechr63ajwyafui1adnvikt0u6ig7az6xf5xkw.jpg\",\"datePublished\":\"2023-04-26T10:43:24+00:00\",\"dateModified\":\"2023-06-23T16:32:23+00:00\",\"breadcrumb\":{\"@id\":\"https:\\\/\\\/highscopeportugal.org\\\/pt-pt\\\/missao\\\/#breadcrumb\"},\"inLanguage\":\"pt-PT\",\"potentialAction\":[{\"@type\":\"ReadAction\",\"target\":[\"https:\\\/\\\/highscopeportugal.org\\\/pt-pt\\\/missao\\\/\"]}]},{\"@type\":\"ImageObject\",\"inLanguage\":\"pt-PT\",\"@id\":\"https:\\\/\\\/highscopeportugal.org\\\/pt-pt\\\/missao\\\/#primaryimage\",\"url\":\"https:\\\/\\\/highscopeportugal.org\\\/wp-content\\\/uploads\\\/elementor\\\/thumbs\\\/mission_page-q5n2qechr63ajwyafui1adnvikt0u6ig7az6xf5xkw.jpg\",\"contentUrl\":\"https:\\\/\\\/highscopeportugal.org\\\/wp-content\\\/uploads\\\/elementor\\\/thumbs\\\/mission_page-q5n2qechr63ajwyafui1adnvikt0u6ig7az6xf5xkw.jpg\"},{\"@type\":\"BreadcrumbList\",\"@id\":\"https:\\\/\\\/highscopeportugal.org\\\/pt-pt\\\/missao\\\/#breadcrumb\",\"itemListElement\":[{\"@type\":\"ListItem\",\"position\":1,\"name\":\"In\u00edcio\",\"item\":\"https:\\\/\\\/highscopeportugal.org\\\/pt-pt\\\/principal\\\/\"},{\"@type\":\"ListItem\",\"position\":2,\"name\":\"MISS\u00c3O\"}]},{\"@type\":\"WebSite\",\"@id\":\"https:\\\/\\\/highscopeportugal.org\\\/pt-pt\\\/#website\",\"url\":\"https:\\\/\\\/highscopeportugal.org\\\/pt-pt\\\/\",\"name\":\"HighScope Portugal\",\"description\":\"Modelo educativo de aprendizagem ativa.\",\"publisher\":{\"@id\":\"https:\\\/\\\/highscopeportugal.org\\\/pt-pt\\\/#organization\"},\"potentialAction\":[{\"@type\":\"SearchAction\",\"target\":{\"@type\":\"EntryPoint\",\"urlTemplate\":\"https:\\\/\\\/highscopeportugal.org\\\/pt-pt\\\/?s={search_term_string}\"},\"query-input\":{\"@type\":\"PropertyValueSpecification\",\"valueRequired\":true,\"valueName\":\"search_term_string\"}}],\"inLanguage\":\"pt-PT\"},{\"@type\":\"Organization\",\"@id\":\"https:\\\/\\\/highscopeportugal.org\\\/pt-pt\\\/#organization\",\"name\":\"HighScope Portugal\",\"url\":\"https:\\\/\\\/highscopeportugal.org\\\/pt-pt\\\/\",\"logo\":{\"@type\":\"ImageObject\",\"inLanguage\":\"pt-PT\",\"@id\":\"https:\\\/\\\/highscopeportugal.org\\\/pt-pt\\\/#\\\/schema\\\/logo\\\/image\\\/\",\"url\":\"https:\\\/\\\/highscopeportugal.org\\\/wp-content\\\/uploads\\\/2023\\\/04\\\/logo-highscope-pt-02.png\",\"contentUrl\":\"https:\\\/\\\/highscopeportugal.org\\\/wp-content\\\/uploads\\\/2023\\\/04\\\/logo-highscope-pt-02.png\",\"width\":3342,\"height\":713,\"caption\":\"HighScope Portugal\"},\"image\":{\"@id\":\"https:\\\/\\\/highscopeportugal.org\\\/pt-pt\\\/#\\\/schema\\\/logo\\\/image\\\/\"}}]}<\/script>\n<!-- \/ Yoast SEO plugin. -->","yoast_head_json":{"title":"MISS\u00c3O - HighScope Portugal","robots":{"index":"index","follow":"follow","max-snippet":"max-snippet:-1","max-image-preview":"max-image-preview:large","max-video-preview":"max-video-preview:-1"},"canonical":"https:\/\/highscopeportugal.org\/pt-pt\/missao\/","og_locale":"pt_PT","og_type":"article","og_title":"MISS\u00c3O - HighScope Portugal","og_description":"A nossa Miss\u00e3o Miss\u00e3o Trabalhamos para que mais crian\u00e7as, fam\u00edlias, t\u00e9cnicos de educa\u00e7\u00e3o e escolas tenham a possibilidade de beneficiar de um programa de enorme qualidade que potencia as capacidades de cada um. A Associa\u00e7\u00e3o HighScope Portugal, \u00e9 uma associa\u00e7\u00e3o sem fins lucrativos que trabalha para divulgar e apoiar a implementa\u00e7\u00e3o do Modelo HighScope em [&hellip;]","og_url":"https:\/\/highscopeportugal.org\/pt-pt\/missao\/","og_site_name":"HighScope Portugal","article_modified_time":"2023-06-23T16:32:23+00:00","og_image":[{"url":"https:\/\/highscopeportugal.org\/wp-content\/uploads\/elementor\/thumbs\/mission_page-q5n2qechr63ajwyafui1adnvikt0u6ig7az6xf5xkw.jpg","type":"","width":"","height":""}],"twitter_card":"summary_large_image","twitter_misc":{"Tempo estimado de leitura":"1 minuto"},"schema":{"@context":"https:\/\/schema.org","@graph":[{"@type":"WebPage","@id":"https:\/\/highscopeportugal.org\/pt-pt\/missao\/","url":"https:\/\/highscopeportugal.org\/pt-pt\/missao\/","name":"MISS\u00c3O - HighScope Portugal","isPartOf":{"@id":"https:\/\/highscopeportugal.org\/pt-pt\/#website"},"primaryImageOfPage":{"@id":"https:\/\/highscopeportugal.org\/pt-pt\/missao\/#primaryimage"},"image":{"@id":"https:\/\/highscopeportugal.org\/pt-pt\/missao\/#primaryimage"},"thumbnailUrl":"https:\/\/highscopeportugal.org\/wp-content\/uploads\/elementor\/thumbs\/mission_page-q5n2qechr63ajwyafui1adnvikt0u6ig7az6xf5xkw.jpg","datePublished":"2023-04-26T10:43:24+00:00","dateModified":"2023-06-23T16:32:23+00:00","breadcrumb":{"@id":"https:\/\/highscopeportugal.org\/pt-pt\/missao\/#breadcrumb"},"inLanguage":"pt-PT","potentialAction":[{"@type":"ReadAction","target":["https:\/\/highscopeportugal.org\/pt-pt\/missao\/"]}]},{"@type":"ImageObject","inLanguage":"pt-PT","@id":"https:\/\/highscopeportugal.org\/pt-pt\/missao\/#primaryimage","url":"https:\/\/highscopeportugal.org\/wp-content\/uploads\/elementor\/thumbs\/mission_page-q5n2qechr63ajwyafui1adnvikt0u6ig7az6xf5xkw.jpg","contentUrl":"https:\/\/highscopeportugal.org\/wp-content\/uploads\/elementor\/thumbs\/mission_page-q5n2qechr63ajwyafui1adnvikt0u6ig7az6xf5xkw.jpg"},{"@type":"BreadcrumbList","@id":"https:\/\/highscopeportugal.org\/pt-pt\/missao\/#breadcrumb","itemListElement":[{"@type":"ListItem","position":1,"name":"In\u00edcio","item":"https:\/\/highscopeportugal.org\/pt-pt\/principal\/"},{"@type":"ListItem","position":2,"name":"MISS\u00c3O"}]},{"@type":"WebSite","@id":"https:\/\/highscopeportugal.org\/pt-pt\/#website","url":"https:\/\/highscopeportugal.org\/pt-pt\/","name":"HighScope Portugal","description":"Modelo educativo de aprendizagem ativa.","publisher":{"@id":"https:\/\/highscopeportugal.org\/pt-pt\/#organization"},"potentialAction":[{"@type":"SearchAction","target":{"@type":"EntryPoint","urlTemplate":"https:\/\/highscopeportugal.org\/pt-pt\/?s={search_term_string}"},"query-input":{"@type":"PropertyValueSpecification","valueRequired":true,"valueName":"search_term_string"}}],"inLanguage":"pt-PT"},{"@type":"Organization","@id":"https:\/\/highscopeportugal.org\/pt-pt\/#organization","name":"HighScope Portugal","url":"https:\/\/highscopeportugal.org\/pt-pt\/","logo":{"@type":"ImageObject","inLanguage":"pt-PT","@id":"https:\/\/highscopeportugal.org\/pt-pt\/#\/schema\/logo\/image\/","url":"https:\/\/highscopeportugal.org\/wp-content\/uploads\/2023\/04\/logo-highscope-pt-02.png","contentUrl":"https:\/\/highscopeportugal.org\/wp-content\/uploads\/2023\/04\/logo-highscope-pt-02.png","width":3342,"height":713,"caption":"HighScope Portugal"},"image":{"@id":"https:\/\/highscopeportugal.org\/pt-pt\/#\/schema\/logo\/image\/"}}]}},"_links":{"self":[{"href":"https:\/\/highscopeportugal.org\/pt-pt\/wp-json\/wp\/v2\/pages\/594","targetHints":{"allow":["GET"]}}],"collection":[{"href":"https:\/\/highscopeportugal.org\/pt-pt\/wp-json\/wp\/v2\/pages"}],"about":[{"href":"https:\/\/highscopeportugal.org\/pt-pt\/wp-json\/wp\/v2\/types\/page"}],"author":[{"embeddable":true,"href":"https:\/\/highscopeportugal.org\/pt-pt\/wp-json\/wp\/v2\/users\/1"}],"replies":[{"embeddable":true,"href":"https:\/\/highscopeportugal.org\/pt-pt\/wp-json\/wp\/v2\/comments?post=594"}],"version-history":[{"count":5,"href":"https:\/\/highscopeportugal.org\/pt-pt\/wp-json\/wp\/v2\/pages\/594\/revisions"}],"predecessor-version":[{"id":815,"href":"https:\/\/highscopeportugal.org\/pt-pt\/wp-json\/wp\/v2\/pages\/594\/revisions\/815"}],"wp:attachment":[{"href":"https:\/\/highscopeportugal.org\/pt-pt\/wp-json\/wp\/v2\/media?parent=594"}],"curies":[{"name":"wp","href":"https:\/\/api.w.org\/{rel}","templated":true}]}}